{"id":4548,"date":"2025-07-30T09:21:08","date_gmt":"2025-07-30T07:21:08","guid":{"rendered":"https:\/\/makadobeek.nl\/privacyverklaring\/"},"modified":"2025-09-11T16:20:09","modified_gmt":"2025-09-11T14:20:09","slug":"datenschutzerklaerung","status":"publish","type":"page","link":"https:\/\/makadobeek.nl\/de\/datenschutzerklaerung\/","title":{"rendered":"Datenschutzerkl\u00e4rung"},"content":{"rendered":"<section class=\"l-section wpb_row height_medium\"><div class=\"l-section-h i-cf\"><div class=\"g-cols vc_row via_grid cols_1-4-1 laptops-cols_inherit tablets-cols_inherit mobiles-cols_1 valign_top type_default stacking_default\"><div class=\"wpb_column vc_column_container\"><div class=\"vc_column-inner\"><\/div><\/div><div class=\"wpb_column vc_column_container\"><div class=\"vc_column-inner\"><div class=\"wpb_text_column\"><div class=\"wpb_wrapper\"><h1>Datenschutzerkl\u00e4rung<\/h1>\n<p>Makado Beek respektiert die Privatsph\u00e4re aller Nutzer ihrer Website und stellt sicher, dass die pers\u00f6nlichen Informationen, die Sie uns zur Verf\u00fcgung stellen, vertraulich behandelt werden.<\/p>\n<p>Wir verwenden Ihre Daten ausschlie\u00dflich, um die von Ihnen angeforderten Dienstleistungen, Waren und\/oder Informationen bereitzustellen. Dar\u00fcber hinaus werden wir diese Daten nur mit Ihrer Zustimmung verwenden. Makado Beek wird Ihre personenbezogenen Daten nicht an Dritte verkaufen und sie nur solchen Dritten zur Verf\u00fcgung stellen, die an der Erbringung unserer Dienstleistungen und\/oder der Lieferung unserer Waren beteiligt sind.<\/p>\n<p>Unsere Mitarbeiter und die von uns beauftragten Dritten sind verpflichtet, die Vertraulichkeit Ihrer Daten zu wahren.<\/p>\n<\/div><\/div><\/div><\/div><div class=\"wpb_column vc_column_container\"><div class=\"vc_column-inner\"><\/div><\/div><\/div><\/div><\/section>\n","protected":false},"excerpt":{"rendered":"Datenschutzerkl\u00e4rung Makado Beek respektiert die Privatsph\u00e4re aller Nutzer ihrer Website und stellt sicher, dass die pers\u00f6nlichen Informationen, die Sie uns zur Verf\u00fcgung stellen, vertraulich behandelt werden. Wir verwenden Ihre Daten ausschlie\u00dflich, um die von Ihnen angeforderten Dienstleistungen, Waren und\/oder Informationen bereitzustellen. Dar\u00fcber hinaus werden wir diese Daten nur mit Ihrer Zustimmung verwenden. Makado Beek wird...","protected":false},"author":2,"featured_media":0,"parent":0,"menu_order":0,"comment_status":"closed","ping_status":"closed","template":"","meta":{"_acf_changed":false,"footnotes":""},"class_list":["post-4548","page","type-page","status-publish","hentry"],"acf":[],"yoast_head":"<!-- This site is optimized with the Yoast SEO plugin v26.7 - https:\/\/yoast.com\/wordpress\/plugins\/seo\/ -->\n<title>Datenschutzerkl\u00e4rung - Makado Beek<\/title>\n<meta name=\"robots\" content=\"index, follow, max-snippet:-1, max-image-preview:large, max-video-preview:-1\" \/>\n<link rel=\"canonical\" href=\"https:\/\/makadobeek.nl\/de\/datenschutzerklaerung\/\" \/>\n<meta property=\"og:locale\" content=\"de_DE\" \/>\n<meta property=\"og:type\" content=\"article\" \/>\n<meta property=\"og:title\" content=\"Datenschutzerkl\u00e4rung - Makado Beek\" \/>\n<meta property=\"og:url\" content=\"https:\/\/makadobeek.nl\/de\/datenschutzerklaerung\/\" \/>\n<meta property=\"og:site_name\" content=\"Makado Beek\" \/>\n<meta property=\"article:modified_time\" content=\"2025-09-11T14:20:09+00:00\" \/>\n<meta name=\"twitter:card\" content=\"summary_large_image\" \/>\n<meta name=\"twitter:label1\" content=\"Gesch\u00e4tzte Lesezeit\" \/>\n\t<meta name=\"twitter:data1\" content=\"1\u00a0Minute\" \/>\n<script type=\"application\/ld+json\" class=\"yoast-schema-graph\">{\"@context\":\"https:\/\/schema.org\",\"@graph\":[{\"@type\":\"WebPage\",\"@id\":\"https:\/\/makadobeek.nl\/de\/datenschutzerklaerung\/\",\"url\":\"https:\/\/makadobeek.nl\/de\/datenschutzerklaerung\/\",\"name\":\"Datenschutzerkl\u00e4rung - Makado Beek\",\"isPartOf\":{\"@id\":\"https:\/\/makadobeek.nl\/de\/#website\"},\"datePublished\":\"2025-07-30T07:21:08+00:00\",\"dateModified\":\"2025-09-11T14:20:09+00:00\",\"breadcrumb\":{\"@id\":\"https:\/\/makadobeek.nl\/de\/datenschutzerklaerung\/#breadcrumb\"},\"inLanguage\":\"de\",\"potentialAction\":[{\"@type\":\"ReadAction\",\"target\":[\"https:\/\/makadobeek.nl\/de\/datenschutzerklaerung\/\"]}]},{\"@type\":\"BreadcrumbList\",\"@id\":\"https:\/\/makadobeek.nl\/de\/datenschutzerklaerung\/#breadcrumb\",\"itemListElement\":[{\"@type\":\"ListItem\",\"position\":1,\"name\":\"Home\",\"item\":\"https:\/\/makadobeek.nl\/de\/\"},{\"@type\":\"ListItem\",\"position\":2,\"name\":\"Datenschutzerkl\u00e4rung\"}]},{\"@type\":\"WebSite\",\"@id\":\"https:\/\/makadobeek.nl\/de\/#website\",\"url\":\"https:\/\/makadobeek.nl\/de\/\",\"name\":\"Makado Beek\",\"description\":\"\",\"publisher\":{\"@id\":\"https:\/\/makadobeek.nl\/de\/#organization\"},\"potentialAction\":[{\"@type\":\"SearchAction\",\"target\":{\"@type\":\"EntryPoint\",\"urlTemplate\":\"https:\/\/makadobeek.nl\/de\/?s={search_term_string}\"},\"query-input\":{\"@type\":\"PropertyValueSpecification\",\"valueRequired\":true,\"valueName\":\"search_term_string\"}}],\"inLanguage\":\"de\"},{\"@type\":\"Organization\",\"@id\":\"https:\/\/makadobeek.nl\/de\/#organization\",\"name\":\"Makado Beek\",\"url\":\"https:\/\/makadobeek.nl\/de\/\",\"logo\":{\"@type\":\"ImageObject\",\"inLanguage\":\"de\",\"@id\":\"https:\/\/makadobeek.nl\/de\/#\/schema\/logo\/image\/\",\"url\":\"https:\/\/makadobeek.nl\/wp-content\/uploads\/2025\/07\/logo.svg\",\"contentUrl\":\"https:\/\/makadobeek.nl\/wp-content\/uploads\/2025\/07\/logo.svg\",\"width\":\"1024\",\"height\":\"1024\",\"caption\":\"Makado Beek\"},\"image\":{\"@id\":\"https:\/\/makadobeek.nl\/de\/#\/schema\/logo\/image\/\"}}]}<\/script>\n<!-- \/ Yoast SEO plugin. -->","yoast_head_json":{"title":"Datenschutzerkl\u00e4rung - Makado Beek","robots":{"index":"index","follow":"follow","max-snippet":"max-snippet:-1","max-image-preview":"max-image-preview:large","max-video-preview":"max-video-preview:-1"},"canonical":"https:\/\/makadobeek.nl\/de\/datenschutzerklaerung\/","og_locale":"de_DE","og_type":"article","og_title":"Datenschutzerkl\u00e4rung - Makado Beek","og_url":"https:\/\/makadobeek.nl\/de\/datenschutzerklaerung\/","og_site_name":"Makado Beek","article_modified_time":"2025-09-11T14:20:09+00:00","twitter_card":"summary_large_image","twitter_misc":{"Gesch\u00e4tzte Lesezeit":"1\u00a0Minute"},"schema":{"@context":"https:\/\/schema.org","@graph":[{"@type":"WebPage","@id":"https:\/\/makadobeek.nl\/de\/datenschutzerklaerung\/","url":"https:\/\/makadobeek.nl\/de\/datenschutzerklaerung\/","name":"Datenschutzerkl\u00e4rung - Makado Beek","isPartOf":{"@id":"https:\/\/makadobeek.nl\/de\/#website"},"datePublished":"2025-07-30T07:21:08+00:00","dateModified":"2025-09-11T14:20:09+00:00","breadcrumb":{"@id":"https:\/\/makadobeek.nl\/de\/datenschutzerklaerung\/#breadcrumb"},"inLanguage":"de","potentialAction":[{"@type":"ReadAction","target":["https:\/\/makadobeek.nl\/de\/datenschutzerklaerung\/"]}]},{"@type":"BreadcrumbList","@id":"https:\/\/makadobeek.nl\/de\/datenschutzerklaerung\/#breadcrumb","itemListElement":[{"@type":"ListItem","position":1,"name":"Home","item":"https:\/\/makadobeek.nl\/de\/"},{"@type":"ListItem","position":2,"name":"Datenschutzerkl\u00e4rung"}]},{"@type":"WebSite","@id":"https:\/\/makadobeek.nl\/de\/#website","url":"https:\/\/makadobeek.nl\/de\/","name":"Makado Beek","description":"","publisher":{"@id":"https:\/\/makadobeek.nl\/de\/#organization"},"potentialAction":[{"@type":"SearchAction","target":{"@type":"EntryPoint","urlTemplate":"https:\/\/makadobeek.nl\/de\/?s={search_term_string}"},"query-input":{"@type":"PropertyValueSpecification","valueRequired":true,"valueName":"search_term_string"}}],"inLanguage":"de"},{"@type":"Organization","@id":"https:\/\/makadobeek.nl\/de\/#organization","name":"Makado Beek","url":"https:\/\/makadobeek.nl\/de\/","logo":{"@type":"ImageObject","inLanguage":"de","@id":"https:\/\/makadobeek.nl\/de\/#\/schema\/logo\/image\/","url":"https:\/\/makadobeek.nl\/wp-content\/uploads\/2025\/07\/logo.svg","contentUrl":"https:\/\/makadobeek.nl\/wp-content\/uploads\/2025\/07\/logo.svg","width":"1024","height":"1024","caption":"Makado Beek"},"image":{"@id":"https:\/\/makadobeek.nl\/de\/#\/schema\/logo\/image\/"}}]}},"_links":{"self":[{"href":"https:\/\/makadobeek.nl\/de\/wp-json\/wp\/v2\/pages\/4548","targetHints":{"allow":["GET"]}}],"collection":[{"href":"https:\/\/makadobeek.nl\/de\/wp-json\/wp\/v2\/pages"}],"about":[{"href":"https:\/\/makadobeek.nl\/de\/wp-json\/wp\/v2\/types\/page"}],"author":[{"embeddable":true,"href":"https:\/\/makadobeek.nl\/de\/wp-json\/wp\/v2\/users\/2"}],"replies":[{"embeddable":true,"href":"https:\/\/makadobeek.nl\/de\/wp-json\/wp\/v2\/comments?post=4548"}],"version-history":[{"count":1,"href":"https:\/\/makadobeek.nl\/de\/wp-json\/wp\/v2\/pages\/4548\/revisions"}],"predecessor-version":[{"id":4550,"href":"https:\/\/makadobeek.nl\/de\/wp-json\/wp\/v2\/pages\/4548\/revisions\/4550"}],"wp:attachment":[{"href":"https:\/\/makadobeek.nl\/de\/wp-json\/wp\/v2\/media?parent=4548"}],"curies":[{"name":"wp","href":"https:\/\/api.w.org\/{rel}","templated":true}]}}