{"id":4547,"date":"2025-07-30T09:21:08","date_gmt":"2025-07-30T07:21:08","guid":{"rendered":"https:\/\/makadobeek.nl\/privacyverklaring\/"},"modified":"2025-09-11T16:20:36","modified_gmt":"2025-09-11T14:20:36","slug":"declaration-de-confidentialite","status":"publish","type":"page","link":"https:\/\/makadobeek.nl\/fr\/declaration-de-confidentialite\/","title":{"rendered":"D\u00e9claration de confidentialit\u00e9"},"content":{"rendered":"<section class=\"l-section wpb_row height_medium\"><div class=\"l-section-h i-cf\"><div class=\"g-cols vc_row via_grid cols_1-4-1 laptops-cols_inherit tablets-cols_inherit mobiles-cols_1 valign_top type_default stacking_default\"><div class=\"wpb_column vc_column_container\"><div class=\"vc_column-inner\"><\/div><\/div><div class=\"wpb_column vc_column_container\"><div class=\"vc_column-inner\"><div class=\"wpb_text_column\"><div class=\"wpb_wrapper\"><h1>D\u00e9claration de confidentialit\u00e9<\/h1>\n<p>Makado Beek respecte la vie priv\u00e9e de tous les utilisateurs de son site et veille \u00e0 ce que les informations personnelles que vous nous fournissez soient trait\u00e9es de mani\u00e8re confidentielle.<\/p>\n<p>Nous utilisons vos donn\u00e9es uniquement afin de fournir les services, biens et\/ou informations que vous avez demand\u00e9s. Pour tout autre usage, nous n\u2019utiliserons vos donn\u00e9es qu\u2019avec votre consentement. Makado Beek ne vendra pas vos donn\u00e9es personnelles \u00e0 des tiers et ne les mettra \u00e0 disposition de tiers que lorsqu\u2019ils sont impliqu\u00e9s dans la fourniture de nos services et\/ou biens.<\/p>\n<p>Nos employ\u00e9s ainsi que les tiers engag\u00e9s par nos soins sont tenus de respecter la confidentialit\u00e9 de vos donn\u00e9es.<\/p>\n<\/div><\/div><\/div><\/div><div class=\"wpb_column vc_column_container\"><div class=\"vc_column-inner\"><\/div><\/div><\/div><\/div><\/section>\n","protected":false},"excerpt":{"rendered":"D\u00e9claration de confidentialit\u00e9 Makado Beek respecte la vie priv\u00e9e de tous les utilisateurs de son site et veille \u00e0 ce que les informations personnelles que vous nous fournissez soient trait\u00e9es de mani\u00e8re confidentielle. Nous utilisons vos donn\u00e9es uniquement afin de fournir les services, biens et\/ou informations que vous avez demand\u00e9s. Pour tout autre usage, nous...","protected":false},"author":2,"featured_media":0,"parent":0,"menu_order":0,"comment_status":"closed","ping_status":"closed","template":"","meta":{"_acf_changed":false,"footnotes":""},"class_list":["post-4547","page","type-page","status-publish","hentry"],"acf":[],"yoast_head":"<!-- This site is optimized with the Yoast SEO plugin v26.7 - https:\/\/yoast.com\/wordpress\/plugins\/seo\/ -->\n<title>D\u00e9claration de confidentialit\u00e9 - Makado Beek<\/title>\n<meta name=\"robots\" content=\"index, follow, max-snippet:-1, max-image-preview:large, max-video-preview:-1\" \/>\n<link rel=\"canonical\" href=\"https:\/\/makadobeek.nl\/fr\/declaration-de-confidentialite\/\" \/>\n<meta property=\"og:locale\" content=\"fr_FR\" \/>\n<meta property=\"og:type\" content=\"article\" \/>\n<meta property=\"og:title\" content=\"D\u00e9claration de confidentialit\u00e9 - Makado Beek\" \/>\n<meta property=\"og:url\" content=\"https:\/\/makadobeek.nl\/fr\/declaration-de-confidentialite\/\" \/>\n<meta property=\"og:site_name\" content=\"Makado Beek\" \/>\n<meta property=\"article:modified_time\" content=\"2025-09-11T14:20:36+00:00\" \/>\n<meta name=\"twitter:card\" content=\"summary_large_image\" \/>\n<meta name=\"twitter:label1\" content=\"Dur\u00e9e de lecture estim\u00e9e\" \/>\n\t<meta name=\"twitter:data1\" content=\"1 minute\" \/>\n<script type=\"application\/ld+json\" class=\"yoast-schema-graph\">{\"@context\":\"https:\/\/schema.org\",\"@graph\":[{\"@type\":\"WebPage\",\"@id\":\"https:\/\/makadobeek.nl\/fr\/declaration-de-confidentialite\/\",\"url\":\"https:\/\/makadobeek.nl\/fr\/declaration-de-confidentialite\/\",\"name\":\"D\u00e9claration de confidentialit\u00e9 - Makado Beek\",\"isPartOf\":{\"@id\":\"https:\/\/makadobeek.nl\/fr\/#website\"},\"datePublished\":\"2025-07-30T07:21:08+00:00\",\"dateModified\":\"2025-09-11T14:20:36+00:00\",\"breadcrumb\":{\"@id\":\"https:\/\/makadobeek.nl\/fr\/declaration-de-confidentialite\/#breadcrumb\"},\"inLanguage\":\"fr-FR\",\"potentialAction\":[{\"@type\":\"ReadAction\",\"target\":[\"https:\/\/makadobeek.nl\/fr\/declaration-de-confidentialite\/\"]}]},{\"@type\":\"BreadcrumbList\",\"@id\":\"https:\/\/makadobeek.nl\/fr\/declaration-de-confidentialite\/#breadcrumb\",\"itemListElement\":[{\"@type\":\"ListItem\",\"position\":1,\"name\":\"Home\",\"item\":\"https:\/\/makadobeek.nl\/fr\/\"},{\"@type\":\"ListItem\",\"position\":2,\"name\":\"D\u00e9claration de confidentialit\u00e9\"}]},{\"@type\":\"WebSite\",\"@id\":\"https:\/\/makadobeek.nl\/fr\/#website\",\"url\":\"https:\/\/makadobeek.nl\/fr\/\",\"name\":\"Makado Beek\",\"description\":\"\",\"publisher\":{\"@id\":\"https:\/\/makadobeek.nl\/fr\/#organization\"},\"potentialAction\":[{\"@type\":\"SearchAction\",\"target\":{\"@type\":\"EntryPoint\",\"urlTemplate\":\"https:\/\/makadobeek.nl\/fr\/?s={search_term_string}\"},\"query-input\":{\"@type\":\"PropertyValueSpecification\",\"valueRequired\":true,\"valueName\":\"search_term_string\"}}],\"inLanguage\":\"fr-FR\"},{\"@type\":\"Organization\",\"@id\":\"https:\/\/makadobeek.nl\/fr\/#organization\",\"name\":\"Makado Beek\",\"url\":\"https:\/\/makadobeek.nl\/fr\/\",\"logo\":{\"@type\":\"ImageObject\",\"inLanguage\":\"fr-FR\",\"@id\":\"https:\/\/makadobeek.nl\/fr\/#\/schema\/logo\/image\/\",\"url\":\"https:\/\/makadobeek.nl\/wp-content\/uploads\/2025\/07\/logo.svg\",\"contentUrl\":\"https:\/\/makadobeek.nl\/wp-content\/uploads\/2025\/07\/logo.svg\",\"width\":\"1024\",\"height\":\"1024\",\"caption\":\"Makado Beek\"},\"image\":{\"@id\":\"https:\/\/makadobeek.nl\/fr\/#\/schema\/logo\/image\/\"}}]}<\/script>\n<!-- \/ Yoast SEO plugin. -->","yoast_head_json":{"title":"D\u00e9claration de confidentialit\u00e9 - Makado Beek","robots":{"index":"index","follow":"follow","max-snippet":"max-snippet:-1","max-image-preview":"max-image-preview:large","max-video-preview":"max-video-preview:-1"},"canonical":"https:\/\/makadobeek.nl\/fr\/declaration-de-confidentialite\/","og_locale":"fr_FR","og_type":"article","og_title":"D\u00e9claration de confidentialit\u00e9 - Makado Beek","og_url":"https:\/\/makadobeek.nl\/fr\/declaration-de-confidentialite\/","og_site_name":"Makado Beek","article_modified_time":"2025-09-11T14:20:36+00:00","twitter_card":"summary_large_image","twitter_misc":{"Dur\u00e9e de lecture estim\u00e9e":"1 minute"},"schema":{"@context":"https:\/\/schema.org","@graph":[{"@type":"WebPage","@id":"https:\/\/makadobeek.nl\/fr\/declaration-de-confidentialite\/","url":"https:\/\/makadobeek.nl\/fr\/declaration-de-confidentialite\/","name":"D\u00e9claration de confidentialit\u00e9 - Makado Beek","isPartOf":{"@id":"https:\/\/makadobeek.nl\/fr\/#website"},"datePublished":"2025-07-30T07:21:08+00:00","dateModified":"2025-09-11T14:20:36+00:00","breadcrumb":{"@id":"https:\/\/makadobeek.nl\/fr\/declaration-de-confidentialite\/#breadcrumb"},"inLanguage":"fr-FR","potentialAction":[{"@type":"ReadAction","target":["https:\/\/makadobeek.nl\/fr\/declaration-de-confidentialite\/"]}]},{"@type":"BreadcrumbList","@id":"https:\/\/makadobeek.nl\/fr\/declaration-de-confidentialite\/#breadcrumb","itemListElement":[{"@type":"ListItem","position":1,"name":"Home","item":"https:\/\/makadobeek.nl\/fr\/"},{"@type":"ListItem","position":2,"name":"D\u00e9claration de confidentialit\u00e9"}]},{"@type":"WebSite","@id":"https:\/\/makadobeek.nl\/fr\/#website","url":"https:\/\/makadobeek.nl\/fr\/","name":"Makado Beek","description":"","publisher":{"@id":"https:\/\/makadobeek.nl\/fr\/#organization"},"potentialAction":[{"@type":"SearchAction","target":{"@type":"EntryPoint","urlTemplate":"https:\/\/makadobeek.nl\/fr\/?s={search_term_string}"},"query-input":{"@type":"PropertyValueSpecification","valueRequired":true,"valueName":"search_term_string"}}],"inLanguage":"fr-FR"},{"@type":"Organization","@id":"https:\/\/makadobeek.nl\/fr\/#organization","name":"Makado Beek","url":"https:\/\/makadobeek.nl\/fr\/","logo":{"@type":"ImageObject","inLanguage":"fr-FR","@id":"https:\/\/makadobeek.nl\/fr\/#\/schema\/logo\/image\/","url":"https:\/\/makadobeek.nl\/wp-content\/uploads\/2025\/07\/logo.svg","contentUrl":"https:\/\/makadobeek.nl\/wp-content\/uploads\/2025\/07\/logo.svg","width":"1024","height":"1024","caption":"Makado Beek"},"image":{"@id":"https:\/\/makadobeek.nl\/fr\/#\/schema\/logo\/image\/"}}]}},"_links":{"self":[{"href":"https:\/\/makadobeek.nl\/fr\/wp-json\/wp\/v2\/pages\/4547","targetHints":{"allow":["GET"]}}],"collection":[{"href":"https:\/\/makadobeek.nl\/fr\/wp-json\/wp\/v2\/pages"}],"about":[{"href":"https:\/\/makadobeek.nl\/fr\/wp-json\/wp\/v2\/types\/page"}],"author":[{"embeddable":true,"href":"https:\/\/makadobeek.nl\/fr\/wp-json\/wp\/v2\/users\/2"}],"replies":[{"embeddable":true,"href":"https:\/\/makadobeek.nl\/fr\/wp-json\/wp\/v2\/comments?post=4547"}],"version-history":[{"count":1,"href":"https:\/\/makadobeek.nl\/fr\/wp-json\/wp\/v2\/pages\/4547\/revisions"}],"predecessor-version":[{"id":4551,"href":"https:\/\/makadobeek.nl\/fr\/wp-json\/wp\/v2\/pages\/4547\/revisions\/4551"}],"wp:attachment":[{"href":"https:\/\/makadobeek.nl\/fr\/wp-json\/wp\/v2\/media?parent=4547"}],"curies":[{"name":"wp","href":"https:\/\/api.w.org\/{rel}","templated":true}]}}